{"id":1836,"date":"2021-04-29T08:50:35","date_gmt":"2021-04-29T07:50:35","guid":{"rendered":"http:\/\/pole-spirit-paris.local\/?page_id=1836"},"modified":"2025-06-18T22:00:23","modified_gmt":"2025-06-18T21:00:23","slug":"evenements-evjf","status":"publish","type":"page","link":"https:\/\/polespiritparis.com\/en\/evenements-evjf\/","title":{"rendered":"Events &amp; EVJF"},"content":{"rendered":"<div data-elementor-type=\"wp-page\" data-elementor-id=\"1836\" class=\"elementor elementor-1836\" data-elementor-post-type=\"page\">\n\t\t\t\t\t\t<section class=\"elementor-section elementor-top-section elementor-element elementor-element-5d42210 elementor-section-full_width elementor-section-height-default elementor-section-height-default\" data-id=\"5d42210\" data-element_type=\"section\" data-e-type=\"section\">\n\t\t\t\t\t\t<div class=\"elementor-container elementor-column-gap-default\">\n\t\t\t\t\t<div class=\"elementor-column elementor-col-100 elementor-top-column elementor-element elementor-element-4e89bf5\" data-id=\"4e89bf5\" data-element_type=\"column\" data-e-type=\"column\">\n\t\t\t<div class=\"elementor-widget-wrap elementor-element-populated\">\n\t\t\t\t\t\t<div class=\"elementor-element elementor-element-b39769e elementor-widget elementor-widget-image\" data-id=\"b39769e\" data-element_type=\"widget\" data-e-type=\"widget\" data-widget_type=\"image.default\">\n\t\t\t\t<div class=\"elementor-widget-container\">\n\t\t\t\t\t\t\t\t\t\t\t\t\t\t\t<img fetchpriority=\"high\" decoding=\"async\" width=\"726\" height=\"1024\" src=\"https:\/\/polespiritparis.com\/wp-content\/uploads\/2021\/04\/claire2603-01-1-726x1024.jpg\" class=\"attachment-large size-large wp-image-1838\" alt=\"\" srcset=\"https:\/\/polespiritparis.com\/wp-content\/uploads\/2021\/04\/claire2603-01-1-726x1024.jpg 726w, https:\/\/polespiritparis.com\/wp-content\/uploads\/2021\/04\/claire2603-01-1-213x300.jpg 213w, https:\/\/polespiritparis.com\/wp-content\/uploads\/2021\/04\/claire2603-01-1-768x1083.jpg 768w, https:\/\/polespiritparis.com\/wp-content\/uploads\/2021\/04\/claire2603-01-1-1090x1536.jpg 1090w, https:\/\/polespiritparis.com\/wp-content\/uploads\/2021\/04\/claire2603-01-1-1453x2048.jpg 1453w, https:\/\/polespiritparis.com\/wp-content\/uploads\/2021\/04\/claire2603-01-1-600x846.jpg 600w, https:\/\/polespiritparis.com\/wp-content\/uploads\/2021\/04\/claire2603-01-1-scaled.jpg 1362w\" sizes=\"(max-width: 726px) 100vw, 726px\" \/>\t\t\t\t\t\t\t\t\t\t\t\t\t\t\t<\/div>\n\t\t\t\t<\/div>\n\t\t\t\t<div class=\"elementor-element elementor-element-585777e elementor-widget elementor-widget-heading\" data-id=\"585777e\" data-element_type=\"widget\" data-e-type=\"widget\" data-widget_type=\"heading.default\">\n\t\t\t\t<div class=\"elementor-widget-container\">\n\t\t\t\t\t<h2 class=\"elementor-heading-title elementor-size-default\">Parties<\/h2>\t\t\t\t<\/div>\n\t\t\t\t<\/div>\n\t\t\t\t\t<\/div>\n\t\t<\/div>\n\t\t\t\t\t<\/div>\n\t\t<\/section>\n\t\t\t\t<section class=\"elementor-section elementor-top-section elementor-element elementor-element-6bfbae3 elementor-section-boxed elementor-section-height-default elementor-section-height-default\" data-id=\"6bfbae3\" data-element_type=\"section\" data-e-type=\"section\">\n\t\t\t\t\t\t<div class=\"elementor-container elementor-column-gap-default\">\n\t\t\t\t\t<div class=\"elementor-column elementor-col-100 elementor-top-column elementor-element elementor-element-83577f4\" data-id=\"83577f4\" data-element_type=\"column\" data-e-type=\"column\">\n\t\t\t<div class=\"elementor-widget-wrap elementor-element-populated\">\n\t\t\t\t\t\t<div class=\"elementor-element elementor-element-2a39b0c elementor-widget elementor-widget-text-editor\" data-id=\"2a39b0c\" data-element_type=\"widget\" data-e-type=\"widget\" data-widget_type=\"text-editor.default\">\n\t\t\t\t<div class=\"elementor-widget-container\">\n\t\t\t\t\t\t\t\t\t<p>Bachelorette &amp; Birthdays Parties<br>Vous cherchez \u00e0 rendre un \u00e9v\u00e9nement inoubliable&nbsp;? Privatisez Pole Spirit Paris!<br>Un professeur exp\u00e9riment\u00e9 vous&nbsp;initiera \u00e0 la discipline de votre choix dans une ambiance conviviale.<br>A wonderful time discovering a new activity.<br>Au programme&nbsp;: partage, challenge et bonne humeur&nbsp;!<\/p>\n<p>Tarifs 1h: 38\u20ac\/participant 1h30: 55\u20ac\/participant<\/p>\t\t\t\t\t\t\t\t<\/div>\n\t\t\t\t<\/div>\n\t\t\t\t<div class=\"elementor-element elementor-element-065f284 elementor-widget elementor-widget-button\" data-id=\"065f284\" data-element_type=\"widget\" data-e-type=\"widget\" data-widget_type=\"button.default\">\n\t\t\t\t<div class=\"elementor-widget-container\">\n\t\t\t\t\t\t\t\t\t<div class=\"elementor-button-wrapper\">\n\t\t\t\t\t<a class=\"elementor-button elementor-button-link elementor-size-sm\" href=\"https:\/\/polespiritparis.com\/en\/contact\/\">\n\t\t\t\t\t\t<span class=\"elementor-button-content-wrapper\">\n\t\t\t\t\t\t<span class=\"elementor-button-icon\">\n\t\t\t\t<i aria-hidden=\"true\" class=\"far fa-arrow-alt-circle-right\"><\/i>\t\t\t<\/span>\n\t\t\t\t\t\t\t\t\t<span class=\"elementor-button-text\">Contact us<\/span>\n\t\t\t\t\t<\/span>\n\t\t\t\t\t<\/a>\n\t\t\t\t<\/div>\n\t\t\t\t\t\t\t\t<\/div>\n\t\t\t\t<\/div>\n\t\t\t\t\t<\/div>\n\t\t<\/div>\n\t\t\t\t\t<\/div>\n\t\t<\/section>\n\t\t\t\t<section class=\"elementor-section elementor-top-section elementor-element elementor-element-559ec43 elementor-section-boxed elementor-section-height-default elementor-section-height-default\" data-id=\"559ec43\" data-element_type=\"section\" data-e-type=\"section\">\n\t\t\t\t\t\t<div class=\"elementor-container elementor-column-gap-default\">\n\t\t\t\t\t<div class=\"elementor-column elementor-col-100 elementor-top-column elementor-element elementor-element-0d375aa\" data-id=\"0d375aa\" data-element_type=\"column\" data-e-type=\"column\">\n\t\t\t<div class=\"elementor-widget-wrap elementor-element-populated\">\n\t\t\t\t\t\t<div class=\"elementor-element elementor-element-3c2144d elementor-view-default elementor-widget elementor-widget-icon\" data-id=\"3c2144d\" data-element_type=\"widget\" data-e-type=\"widget\" data-widget_type=\"icon.default\">\n\t\t\t\t<div class=\"elementor-widget-container\">\n\t\t\t\t\t\t\t<div class=\"elementor-icon-wrapper\">\n\t\t\t<div class=\"elementor-icon\">\n\t\t\t<svg xmlns=\"http:\/\/www.w3.org\/2000\/svg\" width=\"16\" height=\"108.5\" viewbox=\"0 0 16 108.5\"><g id=\"Groupe_14\" data-name=\"Groupe 14\" transform=\"translate(-164 -1783.75)\"><line id=\"Ligne_7\" data-name=\"Ligne 7\" y2=\"42\" transform=\"translate(164.5 1850.25)\" fill=\"none\" stroke=\"#000\" stroke-width=\"1\"><\/line><line id=\"Ligne_8\" data-name=\"Ligne 8\" y2=\"77.5\" transform=\"translate(172.5 1783.75)\" fill=\"none\" stroke=\"#000\" stroke-width=\"1\"><\/line><line id=\"Ligne_9\" data-name=\"Ligne 9\" y2=\"15\" transform=\"translate(179.5 1811.75)\" fill=\"none\" stroke=\"#000\" stroke-width=\"1\"><\/line><\/g><\/svg>\t\t\t<\/div>\n\t\t<\/div>\n\t\t\t\t\t\t<\/div>\n\t\t\t\t<\/div>\n\t\t\t\t<div class=\"elementor-element elementor-element-660119d elementor-widget elementor-widget-heading\" data-id=\"660119d\" data-element_type=\"widget\" data-e-type=\"widget\" data-widget_type=\"heading.default\">\n\t\t\t\t<div class=\"elementor-widget-container\">\n\t\t\t\t\t<h2 class=\"elementor-heading-title elementor-size-default\">To discover <br>\nalso<\/h2>\t\t\t\t<\/div>\n\t\t\t\t<\/div>\n\t\t\t\t\t<\/div>\n\t\t<\/div>\n\t\t\t\t\t<\/div>\n\t\t<\/section>\n\t\t\t\t<section class=\"elementor-section elementor-top-section elementor-element elementor-element-3e38ef0 elementor-section-boxed elementor-section-height-default elementor-section-height-default\" data-id=\"3e38ef0\" data-element_type=\"section\" data-e-type=\"section\">\n\t\t\t\t\t\t<div class=\"elementor-container elementor-column-gap-default\">\n\t\t\t\t\t<div data-geekat-element-link=\"{&quot;url&quot;:&quot;https:\\\/\\\/polespiritparis.com\\\/en\\\/prestations-shows\\\/&quot;,&quot;is_external&quot;:&quot;&quot;,&quot;nofollow&quot;:&quot;&quot;,&quot;custom_attributes&quot;:&quot;&quot;}\" style=\"cursor: pointer\" class=\"elementor-column elementor-col-50 elementor-top-column elementor-element elementor-element-8f8d54e\" data-id=\"8f8d54e\" data-element_type=\"column\" data-e-type=\"column\">\n\t\t\t<div class=\"elementor-widget-wrap elementor-element-populated\">\n\t\t\t\t\t\t<div class=\"elementor-element elementor-element-fa9fbe5 elementor-widget elementor-widget-image\" data-id=\"fa9fbe5\" data-element_type=\"widget\" data-e-type=\"widget\" data-widget_type=\"image.default\">\n\t\t\t\t<div class=\"elementor-widget-container\">\n\t\t\t\t\t\t\t\t\t\t\t\t\t\t\t<img decoding=\"async\" width=\"800\" height=\"450\" src=\"https:\/\/polespiritparis.com\/wp-content\/uploads\/2021\/04\/11639431_833547513360308_1412469807_o-1024x576.jpg?wsr\" class=\"attachment-large size-large wp-image-1875\" alt=\"\" srcset=\"https:\/\/polespiritparis.com\/wp-content\/uploads\/2021\/04\/11639431_833547513360308_1412469807_o-1024x576.jpg 1024w, https:\/\/polespiritparis.com\/wp-content\/uploads\/2021\/04\/11639431_833547513360308_1412469807_o-300x169.jpg 300w, https:\/\/polespiritparis.com\/wp-content\/uploads\/2021\/04\/11639431_833547513360308_1412469807_o-768x432.jpg 768w, https:\/\/polespiritparis.com\/wp-content\/uploads\/2021\/04\/11639431_833547513360308_1412469807_o-1536x864.jpg 1536w, https:\/\/polespiritparis.com\/wp-content\/uploads\/2021\/04\/11639431_833547513360308_1412469807_o-600x338.jpg 600w, https:\/\/polespiritparis.com\/wp-content\/uploads\/2021\/04\/11639431_833547513360308_1412469807_o.jpg 1920w\" sizes=\"(max-width: 800px) 100vw, 800px\" \/>\t\t\t\t\t\t\t\t\t\t\t\t\t\t\t<\/div>\n\t\t\t\t<\/div>\n\t\t\t\t<div class=\"elementor-element elementor-element-0b5038f elementor-widget elementor-widget-heading\" data-id=\"0b5038f\" data-element_type=\"widget\" data-e-type=\"widget\" data-widget_type=\"heading.default\">\n\t\t\t\t<div class=\"elementor-widget-container\">\n\t\t\t\t\t<h2 class=\"elementor-heading-title elementor-size-default\">Les prestations &amp; shows<\/h2>\t\t\t\t<\/div>\n\t\t\t\t<\/div>\n\t\t\t\t\t<\/div>\n\t\t<\/div>\n\t\t\t\t<div data-geekat-element-link=\"{&quot;url&quot;:&quot;https:\\\/\\\/polespiritparis.com\\\/en\\\/event-seances\\\/&quot;,&quot;is_external&quot;:&quot;&quot;,&quot;nofollow&quot;:&quot;&quot;,&quot;custom_attributes&quot;:&quot;&quot;}\" style=\"cursor: pointer\" class=\"elementor-column elementor-col-50 elementor-top-column elementor-element elementor-element-e9df3d0\" data-id=\"e9df3d0\" data-element_type=\"column\" data-e-type=\"column\">\n\t\t\t<div class=\"elementor-widget-wrap elementor-element-populated\">\n\t\t\t\t\t\t<div class=\"elementor-element elementor-element-47b49be elementor-widget elementor-widget-image\" data-id=\"47b49be\" data-element_type=\"widget\" data-e-type=\"widget\" data-widget_type=\"image.default\">\n\t\t\t\t<div class=\"elementor-widget-container\">\n\t\t\t\t\t\t\t\t\t\t\t\t\t\t\t<img decoding=\"async\" width=\"683\" height=\"1024\" src=\"https:\/\/polespiritparis.com\/wp-content\/uploads\/2021\/04\/claire03-683x1024.jpg?wsr\" class=\"attachment-large size-large wp-image-889\" alt=\"\" srcset=\"https:\/\/polespiritparis.com\/wp-content\/uploads\/2021\/04\/claire03-683x1024.jpg 683w, https:\/\/polespiritparis.com\/wp-content\/uploads\/2021\/04\/claire03-200x300.jpg 200w, https:\/\/polespiritparis.com\/wp-content\/uploads\/2021\/04\/claire03-768x1152.jpg 768w, https:\/\/polespiritparis.com\/wp-content\/uploads\/2021\/04\/claire03-1024x1536.jpg 1024w, https:\/\/polespiritparis.com\/wp-content\/uploads\/2021\/04\/claire03-1365x2048.jpg 1365w, https:\/\/polespiritparis.com\/wp-content\/uploads\/2021\/04\/claire03-600x900.jpg 600w, https:\/\/polespiritparis.com\/wp-content\/uploads\/2021\/04\/claire03-scaled.jpg 1280w\" sizes=\"(max-width: 683px) 100vw, 683px\" \/>\t\t\t\t\t\t\t\t\t\t\t\t\t\t\t<\/div>\n\t\t\t\t<\/div>\n\t\t\t\t<div class=\"elementor-element elementor-element-b0eb923 elementor-widget elementor-widget-heading\" data-id=\"b0eb923\" data-element_type=\"widget\" data-e-type=\"widget\" data-widget_type=\"heading.default\">\n\t\t\t\t<div class=\"elementor-widget-container\">\n\t\t\t\t\t<h2 class=\"elementor-heading-title elementor-size-default\">Shootings<\/h2>\t\t\t\t<\/div>\n\t\t\t\t<\/div>\n\t\t\t\t\t<\/div>\n\t\t<\/div>\n\t\t\t\t\t<\/div>\n\t\t<\/section>\n\t\t\t\t<\/div>","protected":false},"excerpt":{"rendered":"<p>EVJF Les EVJF (Enterrement de Vie de Jeune Fille\/Gar\u00e7ons) &amp; AnniversairesVous cherchez \u00e0 rendre un \u00e9v\u00e9nement inoubliable&nbsp;? Privatisez Pole Spirit Paris!Un professeur exp\u00e9riment\u00e9 vous&nbsp;initiera \u00e0 la discipline de votre choix dans une ambiance conviviale.Un beau moment entre ami(e)s pour d\u00e9couvrir l\u2019activit\u00e9 de votre choix.Au programme&nbsp;: partage, challenge et bonne humeur&nbsp;! Tarifs 1h: 38\u20ac\/participant 1h30: 55\u20ac\/participant [&hellip;]<\/p>\n","protected":false},"author":2,"featured_media":0,"parent":0,"menu_order":0,"comment_status":"closed","ping_status":"closed","template":"","meta":{"footnotes":""},"class_list":["post-1836","page","type-page","status-publish","hentry"],"_links":{"self":[{"href":"https:\/\/polespiritparis.com\/en\/wp-json\/wp\/v2\/pages\/1836","targetHints":{"allow":["GET"]}}],"collection":[{"href":"https:\/\/polespiritparis.com\/en\/wp-json\/wp\/v2\/pages"}],"about":[{"href":"https:\/\/polespiritparis.com\/en\/wp-json\/wp\/v2\/types\/page"}],"author":[{"embeddable":true,"href":"https:\/\/polespiritparis.com\/en\/wp-json\/wp\/v2\/users\/2"}],"replies":[{"embeddable":true,"href":"https:\/\/polespiritparis.com\/en\/wp-json\/wp\/v2\/comments?post=1836"}],"version-history":[{"count":0,"href":"https:\/\/polespiritparis.com\/en\/wp-json\/wp\/v2\/pages\/1836\/revisions"}],"wp:attachment":[{"href":"https:\/\/polespiritparis.com\/en\/wp-json\/wp\/v2\/media?parent=1836"}],"curies":[{"name":"wp","href":"https:\/\/api.w.org\/{rel}","templated":true}]}}